{"id":459,"date":"2020-03-09T17:23:28","date_gmt":"2020-03-09T17:23:28","guid":{"rendered":"https:\/\/www.ffnh.de\/?page_id=459"},"modified":"2020-03-09T17:24:12","modified_gmt":"2020-03-09T17:24:12","slug":"datenschutzerklaerung","status":"publish","type":"page","link":"https:\/\/www.ffnh.de\/index.php\/datenschutzerklaerung\/","title":{"rendered":"Datenschutzerkl\u00e4rung"},"content":{"rendered":"<div id=\"main-col\">\n<div id=\"content-inner\">\n<div id=\"c1301\" class=\"csc-default\">\n<p class=\"bodytext\">1. Datenschutz auf einen Blick<\/p>\n<p class=\"bodytext\"><b>Allgemeine Hinweise<\/b><\/p>\n<p class=\"bodytext\">Die folgenden Hinweise geben einen einfachen \u00dcberblick dar\u00fcber, was mit Ihren personenbezogenen Daten passiert, wenn Sie unsere Website besuchen. Personenbezogene Daten sind alle Daten, mit denen Sie pers\u00f6nlich identifiziert werden k\u00f6nnen. Ausf\u00fchrliche Informationen zum Thema Datenschutz entnehmen Sie unserer unter diesem Text aufgef\u00fchrten Datenschutzerkl\u00e4rung.<\/p>\n<p class=\"bodytext\">2. Allgemeine Hinweise und Pflichtinformationen<\/p>\n<p class=\"bodytext\"><b>Datenschutz<\/b><\/p>\n<p class=\"bodytext\">Die Betreiber dieser Seiten nehmen den Schutz Ihrer pers\u00f6nlichen Daten sehr ernst. Wir behandeln Ihre personenbezogenen Daten vertraulich und entsprechend der gesetzlichen Datenschutzvorschriften sowie dieser Datenschutzerkl\u00e4rung.<br \/>\nWenn Sie diese Website benutzen, werden verschiedene personenbezogene Daten erhoben. Personenbezogene Daten sind Daten, mit denen Sie pers\u00f6nlich identifiziert werden k\u00f6nnen. Die vorliegende Datenschutzerkl\u00e4rung erl\u00e4utert, welche Daten wir erheben und wof\u00fcr wir sie nutzen. Sie erl\u00e4utert auch, wie und zu welchem Zweck das geschieht.<\/p>\n<p>Wir weisen darauf hin, dass die Daten\u00fcbertragung im Internet (z.B. bei der Kommunikation per E-Mail) Sicherheitsl\u00fccken aufweisen kann. Ein l\u00fcckenloser Schutz der Daten vor dem Zugriff durch Dritte ist nicht m\u00f6glich.<\/p>\n<p class=\"bodytext\"><b>Hinweis zur verantwortlichen Stelle<\/b><\/p>\n<p class=\"bodytext\">Die verantwortliche Stelle f\u00fcr die Datenverarbeitung auf dieser Website ist:<\/p>\n<p>Verein der Freunde des Fridtjof-Nansen- Hauses<br \/>\nFridtjof-Nansen-Platz 1<br \/>\n55218 Ingelheim am Rhein<\/p>\n<p>Vereins-Vorsitzende: Eveline Breyer<\/p>\n<p class=\"bodytext\">Verantwortliche Stelle ist die nat\u00fcrliche oder juristische Person, die allein oder gemeinsam mit anderen \u00fcber die Zwecke und Mittel der Verarbeitung von personenbezogenen Daten (z.B. Namen, E-Mail-Adressen o. \u00c4.) entscheidet.<\/p>\n<p class=\"bodytext\"><b>Kontaktdaten des Datenschutzbeauftragten<\/b><\/p>\n<p class=\"bodytext\">Verein der Freunde des Fridtjof-Nansen- Hauses<br \/>\nFridtjof-Nansen-Platz 1<br \/>\n55218 Ingelheim am Rhein<\/p>\n<p>Vereins-Vorsitzende: Eveline Breyer<\/p>\n<p class=\"bodytext\"><b>Widerruf Ihrer Einwilligung zur Datenverarbeitung<\/b><\/p>\n<p class=\"bodytext\">Viele Datenverarbeitungsvorg\u00e4nge sind nur mit Ihrer ausdr\u00fccklichen Einwilligung m\u00f6glich. Sie k\u00f6nnen eine bereits erteilte Einwilligung jederzeit widerrufen. Dazu reicht eine formlose Mitteilung per E-Mail an uns. Die Rechtm\u00e4\u00dfigkeit der bis zum Widerruf erfolgten Datenverarbeitung bleibt vom Widerruf unber\u00fchrt.<\/p>\n<p class=\"bodytext\"><b>Beschwerderecht bei der zust\u00e4ndigen Aufsichtsbeh\u00f6rde<\/b><\/p>\n<p class=\"bodytext\">Im Falle datenschutzrechtlicher Verst\u00f6\u00dfe steht dem Betroffenen ein Beschwerderecht bei der zust\u00e4ndigen Aufsichtsbeh\u00f6rde zu. Zust\u00e4ndige Aufsichtsbeh\u00f6rde in datenschutzrechtlichen Fragen ist der Landesdatenschutzbeauftragte des Bundeslandes, in dem unser Unternehmen seinen Sitz hat. Eine Liste der Datenschutzbeauftragten sowie deren Kontaktdaten k\u00f6nnen folgendem Link entnommen werden:\u00a0<a href=\"https:\/\/www.bfdi.bund.de\/DE\/Infothek\/Anschriften_Links\/anschriften_links-node.html\" target=\"_blank\" rel=\"noopener noreferrer\">https:\/\/www.bfdi.bund.de\/DE\/Infothek\/Anschriften_Links\/anschriften_links-node.html<\/a><\/p>\n<p class=\"bodytext\"><b>Recht auf Daten\u00fcbertragbarkeit<\/b><\/p>\n<p class=\"bodytext\">Sie haben das Recht, Daten, die wir auf Grundlage Ihrer Einwilligung oder in Erf\u00fcllung eines Vertrags automatisiert verarbeiten, an sich oder an einen Dritten in einem g\u00e4ngigen, maschinenlesbaren Format aush\u00e4ndigen zu lassen. Sofern Sie die direkte \u00dcbertragung der Daten an einen anderen Verantwortlichen verlangen, erfolgt dies nur, soweit es technisch machbar ist.<\/p>\n<p class=\"bodytext\"><b>SSL- bzw. TLS-Verschl\u00fcsselung<\/b><\/p>\n<p class=\"bodytext\">Diese Seite nutzt aus Sicherheitsgr\u00fcnden und zum Schutz der \u00dcbertragung vertraulicher Inhalte, wie zum Beispiel Bestellungen oder Anfragen, die Sie an uns als Seitenbetreiber senden, eine SSL-bzw. TLS-Verschl\u00fcsselung. Eine verschl\u00fcsselte Verbindung erkennen Sie daran, dass die Adresszeile des Browsers von \u201chttp:\/\/\u201d auf \u201chttps:\/\/\u201d wechselt und an dem Schloss-Symbol in Ihrer Browserzeile.<br \/>\nWenn die SSL- bzw. TLS-Verschl\u00fcsselung aktiviert ist, k\u00f6nnen die Daten, die Sie an uns \u00fcbermitteln, nicht von Dritten mitgelesen werden.<\/p>\n<p class=\"bodytext\"><b>Verschl\u00fcsselter Zahlungsverkehr auf dieser Website<\/b><\/p>\n<p class=\"bodytext\">Besteht nach dem Abschluss eines kostenpflichtigen Vertrags eine Verpflichtung, uns Ihre Zahlungsdaten (z.B. Kontonummer bei Einzugserm\u00e4chtigung) zu \u00fcbermitteln, werden diese Daten zur Zahlungsabwicklung ben\u00f6tigt.<\/p>\n<p>Der Zahlungsverkehr \u00fcber die g\u00e4ngigen Zahlungsmittel (Visa\/MasterCard, Lastschriftverfahren) erfolgt ausschlie\u00dflich \u00fcber eine verschl\u00fcsselte SSL- bzw. TLS-Verbindung. Eine verschl\u00fcsselte Verbindung erkennen Sie daran, dass die Adresszeile des Browsers von &#8222;http:\/\/&#8220; auf &#8222;https:\/\/&#8220; wechselt und an dem Schloss-Symbol in Ihrer Browserzeile.<\/p>\n<p>Bei verschl\u00fcsselter Kommunikation k\u00f6nnen Ihre Zahlungsdaten, die Sie an uns \u00fcbermitteln, nicht von Dritten mitgelesen werden.<\/p>\n<p class=\"bodytext\"><b>Auskunft, Sperrung, L\u00f6schung<\/b><\/p>\n<p class=\"bodytext\">Sie haben im Rahmen der geltenden gesetzlichen Bestimmungen jederzeit das Recht unentgeltlich Auskunft \u00fcber Herkunft, Empf\u00e4nger und Zweck Ihrer gespeicherten personenbezogenen Daten zu erhalten. Sie haben au\u00dferdem ein Recht, die Berichtigung, Sperrung oder L\u00f6schung dieser Daten zu verlangen sowie das Recht auf Einschr\u00e4nkung der Verarbeitung und Daten\u00fcbertragbarkeit und ein Recht auf Widerspruch gegen die Verarbeitung. Hierzu sowie zu weiteren Fragen zum Thema Datenschutz k\u00f6nnen Sie sich jederzeit unter der im Impressum angegebenen Adresse an uns wenden. Des Weiteren steht Ihnen ein Beschwerderecht bei der zust\u00e4ndigen Aufsichtsbeh\u00f6rde zu.<\/p>\n<p class=\"bodytext\"><b>Widerspruch gegen Werbe-Mails<\/b><\/p>\n<p class=\"bodytext\">Der Nutzung von im Rahmen der Impressumspflicht ver\u00f6ffentlichten Kontaktdaten zur \u00dcbersendung von nicht ausdr\u00fccklich angeforderter Werbung und Informationsmaterialien wird hiermit widersprochen. Die Betreiber der Seiten behalten sich ausdr\u00fccklich rechtliche Schritte im Falle der unverlangten Zusendung von Werbeinformationen, etwa durch Spam-E-Mails, vor.<\/p>\n<p class=\"bodytext\">3. Datenerfassung auf unserer Website<\/p>\n<p class=\"bodytext\"><b>Cookies<\/b><\/p>\n<p class=\"bodytext\">Die Internetseiten verwenden teilweise so genannte Cookies. Cookies richten auf Ihrem Rechner keinen Schaden an und enthalten keine Viren. Cookies dienen dazu, unser Angebot nutzerfreundlicher, effektiver und sicherer zu machen. Cookies sind kleine Textdateien, die auf Ihrem Rechner abgelegt werden und die Ihr Browser speichert.<\/p>\n<p>Die meisten der von uns verwendeten Cookies sind so genannte \u201cSession-Cookies\u201d. Sie werden nach Ende Ihres Besuchs automatisch gel\u00f6scht. Andere Cookies bleiben auf Ihrem Endger\u00e4t gespeichert bis Sie diese l\u00f6schen. Diese Cookies erm\u00f6glichen es uns, Ihren Browser beim n\u00e4chsten Besuch wiederzuerkennen.<\/p>\n<p>Sie k\u00f6nnen Ihren Browser so einstellen, dass Sie \u00fcber das Setzen von Cookies informiert werden und Cookies nur im Einzelfall erlauben, die Annahme von Cookies f\u00fcr bestimmte F\u00e4lle oder generell ausschlie\u00dfen sowie das automatische L\u00f6schen der Cookies beim Schlie\u00dfen des Browser aktivieren. Bei der Deaktivierung von Cookies kann die Funktionalit\u00e4t dieser Website eingeschr\u00e4nkt sein.<\/p>\n<p>Cookies, die zur Durchf\u00fchrung des elektronischen Kommunikationsvorgangs oder zur Bereitstellung bestimmter, von Ihnen erw\u00fcnschter Funktionen (z.B. Warenkorbfunktion) erforderlich sind, werden auf Grundlage von Art. 6 Abs. 1 lit. f DSGVO gespeichert. Der Websitebetreiber hat ein berechtigtes Interesse an der Speicherung von Cookies zur technisch fehlerfreien und optimierten Bereitstellung seiner Dienste. Soweit andere Cookies (z.B. Cookies zur Analyse Ihres Surfverhaltens) gespeichert werden, werden diese in dieser Datenschutzerkl\u00e4rung gesondert behandelt.<\/p>\n<p class=\"bodytext\"><b>Server-Log-Dateien<\/b><\/p>\n<p class=\"bodytext\">Der Provider der Seiten erhebt und speichert automatisch Informationen in so genannten Server-Log-Dateien, die Ihr Browser automatisch an uns \u00fcbermittelt. Dies sind:<br \/>\n\u2022\u00a0\u00a0\u00a0 Browsertyp und Browserversion<br \/>\n\u2022\u00a0\u00a0\u00a0 verwendetes Betriebssystem<br \/>\n\u2022\u00a0\u00a0\u00a0 Referrer URL<br \/>\n\u2022\u00a0\u00a0\u00a0 Hostname des zugreifenden Rechners<br \/>\n\u2022\u00a0\u00a0\u00a0 Uhrzeit der Serveranfrage<br \/>\n\u2022\u00a0\u00a0\u00a0 IP-Adresse<br \/>\nEine Zusammenf\u00fchrung dieser Daten mit anderen Datenquellen wird nicht vorgenommen.<\/p>\n<p>Grundlage f\u00fcr die Datenverarbeitung sind Art. 6 Abs. 1 lit. b und f DSGVO, die die Verarbeitung von Daten zur Erf\u00fcllung eines Vertrags oder vorvertraglicher Ma\u00dfnahmen und zur technisch fehlerfreien und optimierten Bereitstellung der Dienste des Webseitenbetreibers als berechtigtes Interesse gestatten.<\/p>\n<p class=\"bodytext\"><b>Verarbeiten von Daten (Kunden- und Vertragsdaten)<\/b><\/p>\n<p class=\"bodytext\">Wir erheben, verarbeiten und nutzen personenbezogene Daten nur, soweit sie f\u00fcr die Begr\u00fcndung, inhaltliche Ausgestaltung oder \u00c4nderung des Rechtsverh\u00e4ltnisses erforderlich sind (Bestandsdaten). Dies erfolgt auf Grundlage von Art. 6 Abs. 1 lit. b DSGVO, der die Verarbeitung von Daten zur Erf\u00fcllung eines Vertrags oder vorvertraglicher Ma\u00dfnahmen gestattet. Personenbezogene Daten \u00fcber die Inanspruchnahme unserer Internetseiten (Nutzungsdaten) erheben, verarbeiten und nutzen wir nur, soweit dies erforderlich ist, um dem Nutzer die Inanspruchnahme des Dienstes zu erm\u00f6glichen oder abzurechnen.<\/p>\n<p>Die erhobenen Kundendaten werden nach Abschluss des Auftrags oder Beendigung der Gesch\u00e4ftsbeziehung gel\u00f6scht. Gesetzliche Aufbewahrungsfristen bleiben unber\u00fchrt.<\/p>\n<p class=\"bodytext\"><b>Daten\u00fcbermittlung bei Vertragsschluss f\u00fcr Dienstleistungen und digitale Inhalte<\/b><\/p>\n<p class=\"bodytext\">Wir \u00fcbermitteln personenbezogene Daten an Dritte nur dann, wenn dies im Rahmen der Vertragsabwicklung notwendig ist, etwa an das mit der Zahlungsabwicklung beauftragte Kreditinstitut.<\/p>\n<p>Eine weitergehende \u00dcbermittlung der Daten erfolgt nicht bzw. nur dann, wenn Sie der \u00dcbermittlung ausdr\u00fccklich zugestimmt haben. Eine Weitergabe Ihrer Daten an Dritte ohne ausdr\u00fcckliche Einwilligung, etwa zu Zwecken der Werbung, erfolgt nicht.<br \/>\nGrundlage f\u00fcr die Datenverarbeitung ist Art. 6 Abs. 1 lit. b DSGVO, der die Verarbeitung von Daten zur Erf\u00fcllung eines Vertrags oder vorvertraglicher Ma\u00dfnahmen gestattet.<\/p>\n<p class=\"bodytext\">4. Newsletter<\/p>\n<p class=\"bodytext\"><b>Newsletterdaten<\/b><\/p>\n<p class=\"bodytext\">Wenn Sie den auf der Website angebotenen Newsletter beziehen m\u00f6chten, ben\u00f6tigen wir von Ihnen eine E-Mail-Adresse sowie Informationen, welche uns die \u00dcberpr\u00fcfung gestatten, dass Sie der Inhaber der angegebenen E-Mail-Adresse sind und mit dem Empfang des Newsletters einverstanden sind. Weitere Daten werden nicht bzw. nur auf freiwilliger Basis erhoben. Diese Daten verwenden wir ausschlie\u00dflich f\u00fcr den Versand der angeforderten Informationen und geben diese nicht an Dritte weiter.<\/p>\n<p>Die Verarbeitung der in das Newsletteranmeldeformular eingegebenen Daten erfolgt ausschlie\u00dflich auf Grundlage Ihrer Einwilligung (Art. 6 Abs. 1 lit. a DSGVO). Die erteilte Einwilligung zur Speicherung der Daten, der E-Mail-Adresse sowie deren Nutzung zum Versand des Newsletters k\u00f6nnen Sie jederzeit widerrufen, etwa \u00fcber den &#8222;Austragen&#8220;-Link im Newsletter. Die Rechtm\u00e4\u00dfigkeit der bereits erfolgten Datenverarbeitungsvorg\u00e4nge bleibt vom Widerruf unber\u00fchrt.<\/p>\n<p>Die von Ihnen zum Zwecke des Newsletter-Bezugs bei uns hinterlegten Daten werden von uns bis zu Ihrer Austragung aus dem Newsletter gespeichert und nach der Abbestellung des Newsletters gel\u00f6scht. Daten, die zu anderen Zwecken bei uns gespeichert wurden (z.B. E-Mail-Adressen f\u00fcr den Mitgliederbereich) bleiben hiervon unber\u00fchrt.<\/p>\n<p class=\"bodytext\">5. Datenverarbeitung in Sozialen Medien<\/p>\n<p class=\"bodytext\">Wir unterhalten \u00f6ffentliche Profile in sozialen Medien. Im Folgenden informieren wir Sie \u00fcber die Verarbeitung Ihrer personenbezogenen Daten innerhalb dieser Netzwerke, wenn Sie dort eines unserer Profile besuchen.<br \/>\nZu beachten ist, dass soziale Netzwerke, wie zum Beispiel Facebook, das Verhalten ihrer Nutzer in der Regel umfassend analysiert. Die Daten k\u00f6nnen beispielsweise f\u00fcr Marktforschungs- und Werbezwecke verarbeitet werden. Unabh\u00e4ngig von Ihrem Endger\u00e4t kann Ihnen so personen- und interessenspezifische Werbung angezeigt werden. Sollten Sie in Ihrem Profil angemeldet sein, wenn Sie unsere Profilseite besuchen, kann der Betreiber diesen Besuch Ihrem Benutzerkonto zuordnen. Auch ohne Anmeldung k\u00f6nnen unter Umst\u00e4nden vom Betreiber ihre personenbezogenen Daten erfasst werden. Dies kann durch das Setzen von Cookies, die auf Ihrem Ger\u00e4t gespeichert werden, oder durch die Erfassung Ihrer IP-Adresse erfolgen.<br \/>\nBitte beachten Sie au\u00dferdem, dass die Sozialen Medien die Daten h\u00e4ufig au\u00dferhalb des Europ\u00e4ischen Wirtschaftsraums verarbeiten. Dies kann zu Schwierigkeiten im Rahmen der Rechtsdurchsetzung des Betroffenen f\u00fchren. In der Regel werden die Anbieter Ihren Sitz in den Vereinigten Staaten von Amerika (USA) haben. Mit den USA hat die Europ\u00e4ische Union (EU) das EU-US-Privacy-Shield-Abkommen abgeschlossen. Unternehmen, die sich unter diesem Abkommen zertifizieren, verpflichten sich damit die Datenschutzstandards der EU zu erf\u00fcllen.<br \/>\nRechtsgrundlage f\u00fcr die Verarbeitung der Nutzerdaten ist in der Regel das \u201eberechtigte Interesse\u201c, die Nutzer hinreichend \u00fcber die Sozialen Medien zu informieren und mit Ihnen in Kontakt zu treten gem\u00e4\u00df Art. 6 Abs. 1 lit. f) DSGVO. In Betracht kann auch ein Vertragsverh\u00e4ltnis zwischen Plattformbetreiber und Nutzer, Art. 6 Abs. 1 lit. b) DSGVO oder aufgrund einer Einwilligung des Nutzers erfolgen.<br \/>\nSollten personenbezogene Daten auf unseren Systemen gespeichert werden, l\u00f6schen wir diese nach Zweckerf\u00fcllung, in der Regel, der Beendigung oder Verlagerung des Kontaktes mit dem Nutzer auf einen anderen Kommunikationsweg, z.B. E-Mail oder Telefon. Im \u00dcbrigen werden die Daten gel\u00f6scht, wenn Sie uns dazu auffordern, sollten keine zwingenden gesetzlichen Aufbewahrungspflichten dem entgegengestehen. Auf die Speicherung Ihrer Daten durch den Netzwerkbetreiber haben wir keinen Einfluss.<br \/>\nF\u00fcr weitergehende Informationen \u00fcber die Verarbeitung und Widerspruchsm\u00f6glichkeiten verweisen wir auf die angef\u00fcgten Hinweise der Plattformbetreiber. Hier k\u00f6nnen Sie Ihre Rechte, beispielsweise auf Auskunft und L\u00f6schung, am effektivsten verfolgen, denn nur die Netzwerkbetreiber haben einen tats\u00e4chlichen Zugriff auf die Daten. Dazu im Einzelnen:<\/p>\n<p class=\"bodytext\">Facebook (Facebook Ireland Ltd., 4 Grand Canal Square, Grand Canal Harbour, Dublin 2, Irland), Facebook-Seiten auf Grundlage einer gemeinsamen Verarbeitung\u00a0 Datenschutzerkl\u00e4rung:<br \/>\n<a href=\"https:\/\/www.facebook.com\/about\/privacy\/\" target=\"_blank\" rel=\"noopener noreferrer\">https:\/\/www.facebook.com\/about\/privacy\/<\/a><\/p>\n<\/div>\n<\/div>\n<\/div>\n<div class=\"clearer\"><\/div>\n<div id=\"footer-home\"><\/div>\n","protected":false},"excerpt":{"rendered":"<p>1. Datenschutz auf einen Blick Allgemeine Hinweise Die folgenden Hinweise geben einen einfachen \u00dcberblick dar\u00fcber, was mit Ihren personenbezogenen Daten passiert, wenn Sie unsere Website besuchen. Personenbezogene Daten sind alle Daten, mit denen Sie pers\u00f6nlich identifiziert werden k\u00f6nnen. Ausf\u00fchrliche Informationen zum Thema Datenschutz entnehmen Sie unserer unter diesem Text aufgef\u00fchrten Datenschutzerkl\u00e4rung. 2. Allgemeine Hinweise und [&hellip;]<\/p>\n","protected":false},"author":1,"featured_media":0,"parent":0,"menu_order":0,"comment_status":"closed","ping_status":"closed","template":"","meta":{"_et_pb_use_builder":"","_et_pb_old_content":"","_et_gb_content_width":"","footnotes":""},"class_list":["post-459","page","type-page","status-publish","hentry"],"_links":{"self":[{"href":"https:\/\/www.ffnh.de\/index.php\/wp-json\/wp\/v2\/pages\/459","targetHints":{"allow":["GET"]}}],"collection":[{"href":"https:\/\/www.ffnh.de\/index.php\/wp-json\/wp\/v2\/pages"}],"about":[{"href":"https:\/\/www.ffnh.de\/index.php\/wp-json\/wp\/v2\/types\/page"}],"author":[{"embeddable":true,"href":"https:\/\/www.ffnh.de\/index.php\/wp-json\/wp\/v2\/users\/1"}],"replies":[{"embeddable":true,"href":"https:\/\/www.ffnh.de\/index.php\/wp-json\/wp\/v2\/comments?post=459"}],"version-history":[{"count":2,"href":"https:\/\/www.ffnh.de\/index.php\/wp-json\/wp\/v2\/pages\/459\/revisions"}],"predecessor-version":[{"id":462,"href":"https:\/\/www.ffnh.de\/index.php\/wp-json\/wp\/v2\/pages\/459\/revisions\/462"}],"wp:attachment":[{"href":"https:\/\/www.ffnh.de\/index.php\/wp-json\/wp\/v2\/media?parent=459"}],"curies":[{"name":"wp","href":"https:\/\/api.w.org\/{rel}","templated":true}]}}