{"id":56,"date":"2019-04-18T20:23:14","date_gmt":"2019-04-18T20:23:14","guid":{"rendered":"https:\/\/www.ffnh.de\/?page_id=56"},"modified":"2019-09-25T07:53:36","modified_gmt":"2019-09-25T07:53:36","slug":"namensgeber","status":"publish","type":"page","link":"https:\/\/www.ffnh.de\/index.php\/namensgeber\/","title":{"rendered":"Namensgeber"},"content":{"rendered":"<p>[et_pb_section fb_built=&#8220;1&#8243; _builder_version=&#8220;3.29.2&#8243; min_height=&#8220;123px&#8220; hover_enabled=&#8220;0&#8243; fb_built=&#8220;1&#8243; _i=&#8220;1&#8243; _address=&#8220;1&#8243;][et_pb_row _builder_version=&#8220;3.29.2&#8243; custom_padding=&#8220;|||&#8220; hover_enabled=&#8220;0&#8243; _i=&#8220;0&#8243; _address=&#8220;1.0&#8243; column_structure=&#8220;1_2,1_2&#8243;][et_pb_column type=&#8220;1_2&#8243; _builder_version=&#8220;3.25&#8243; custom_padding=&#8220;|||&#8220; _i=&#8220;0&#8243; _address=&#8220;1.0.0&#8243; custom_padding__hover=&#8220;|||&#8220;][et_pb_image src=&#8220;https:\/\/www.ffnh.de\/wp-content\/uploads\/2019\/04\/800px-Fridtjof_Nansen_LOC_03377u-3.jpg&#8220; align_tablet=&#8220;center&#8220; align_last_edited=&#8220;on|desktop&#8220; _builder_version=&#8220;3.29.2&#8243; custom_margin=&#8220;||||false|false&#8220; animation_style=&#8220;slide&#8220; animation_direction=&#8220;bottom&#8220; animation_intensity_slide=&#8220;2%&#8220; hover_enabled=&#8220;0&#8243; border_radii=&#8220;on|3px|3px|3px|3px&#8220; box_shadow_style=&#8220;preset2&#8243; box_shadow_horizontal=&#8220;33px&#8220; box_shadow_vertical=&#8220;52px&#8220; box_shadow_blur=&#8220;80px&#8220; box_shadow_color=&#8220;rgba(0,36,73,0.07)&#8220; _i=&#8220;0&#8243; _address=&#8220;1.0.0.0&#8243;][\/et_pb_image][\/et_pb_column][et_pb_column type=&#8220;1_2&#8243; _builder_version=&#8220;3.25&#8243; custom_padding=&#8220;|||&#8220; _i=&#8220;1&#8243; _address=&#8220;1.0.1&#8243; custom_padding__hover=&#8220;|||&#8220;][et_pb_cta title=&#8220;Fridtjof Nansen:\u00a0 \u00a0 %22Wir m\u00fcssen eine Bruderkette um die ganze Welt schmieden%22&#8243; button_text=&#8220;Follow Along!&#8220; _builder_version=&#8220;3.22.2&#8243; header_font=&#8220;Noto Serif|700|||||||&#8220; header_font_size=&#8220;44px&#8220; header_line_height=&#8220;1.5em&#8220; body_font=&#8220;Noto Sans||||||||&#8220; body_font_size=&#8220;17px&#8220; body_line_height=&#8220;2em&#8220; use_background_color=&#8220;off&#8220; custom_button=&#8220;on&#8220; button_text_size=&#8220;17px&#8220; button_text_color=&#8220;#ffffff&#8220; button_bg_color=&#8220;#ff6b5a&#8220; button_border_width=&#8220;5px&#8220; button_border_color=&#8220;#ff6b5a&#8220; button_border_radius=&#8220;100px&#8220; button_font=&#8220;Noto Sans|700||on|||||&#8220; button_use_icon=&#8220;off&#8220; text_orientation=&#8220;left&#8220; background_layout=&#8220;light&#8220; custom_margin=&#8220;60px|||&#8220; header_font_size_phone=&#8220;34px&#8220; header_font_size_last_edited=&#8220;on|phone&#8220; button_text_color_hover=&#8220;#ffffff&#8220; button_border_color_hover=&#8220;#ff9e59&#8243; button_bg_color_hover=&#8220;#ff9e59&#8243; button_text_size__hover_enabled=&#8220;off&#8220; button_one_text_size__hover_enabled=&#8220;off&#8220; button_two_text_size__hover_enabled=&#8220;off&#8220; button_text_color__hover_enabled=&#8220;on&#8220; button_text_color__hover=&#8220;#ffffff&#8220; button_one_text_color__hover_enabled=&#8220;off&#8220; button_two_text_color__hover_enabled=&#8220;off&#8220; button_border_width__hover_enabled=&#8220;off&#8220; button_one_border_width__hover_enabled=&#8220;off&#8220; button_two_border_width__hover_enabled=&#8220;off&#8220; button_border_color__hover_enabled=&#8220;on&#8220; button_border_color__hover=&#8220;#ff9e59&#8243; button_one_border_color__hover_enabled=&#8220;off&#8220; button_two_border_color__hover_enabled=&#8220;off&#8220; button_border_radius__hover_enabled=&#8220;off&#8220; button_one_border_radius__hover_enabled=&#8220;off&#8220; button_two_border_radius__hover_enabled=&#8220;off&#8220; button_letter_spacing__hover_enabled=&#8220;off&#8220; button_one_letter_spacing__hover_enabled=&#8220;off&#8220; button_two_letter_spacing__hover_enabled=&#8220;off&#8220; button_bg_color__hover_enabled=&#8220;on&#8220; button_bg_color__hover=&#8220;#ff9e59&#8243; button_one_bg_color__hover_enabled=&#8220;off&#8220; button_two_bg_color__hover_enabled=&#8220;off&#8220; _i=&#8220;0&#8243; _address=&#8220;1.0.1.0&#8243;]<\/p>\n<p>Der Norweger war vielseitiger Schriftsteller, begeisterter Sportler, erfolgreicher Wissenschaftler und Zoologe, k\u00fchner Polarforscher, geschickter Diplomat. Vor allem aber: <strong>Leidenschaftlicher K\u00e4mpfer f\u00fcr die Humanit\u00e4t<\/strong><\/p>\n<p>[\/et_pb_cta][\/et_pb_column][\/et_pb_row][\/et_pb_section][et_pb_section fb_built=&#8220;1&#8243; admin_label=&#8220;Travel History&#8220; _builder_version=&#8220;3.22&#8243; use_background_color_gradient=&#8220;on&#8220; background_color_gradient_start=&#8220;#ffffff&#8220; background_color_gradient_end=&#8220;rgba(255,255,255,0)&#8220; background_color_gradient_end_position=&#8220;50%&#8220; background_color_gradient_overlays_image=&#8220;on&#8220; background_image=&#8220;https:\/\/www.ffnh.de\/wp-content\/uploads\/2019\/04\/img-8.jpg&#8220; custom_padding=&#8220;50px|0px|500px|0px|false|false&#8220; fb_built=&#8220;1&#8243; _i=&#8220;2&#8243; _address=&#8220;2&#8243;][et_pb_row admin_label=&#8220;Recommendations&#8220; _builder_version=&#8220;3.25&#8243; width=&#8220;100%&#8220; max_width=&#8220;100%&#8220; custom_padding=&#8220;|||&#8220; hover_enabled=&#8220;0&#8243; use_custom_width=&#8220;on&#8220; width_unit=&#8220;off&#8220; custom_width_percent=&#8220;100%&#8220; locked=&#8220;off&#8220; _i=&#8220;0&#8243; _address=&#8220;2.0&#8243; column_structure=&#8220;1_2,1_2&#8243;][et_pb_column type=&#8220;1_2&#8243; _builder_version=&#8220;3.25&#8243; custom_padding=&#8220;6%||6%|14%&#8220; custom_padding_tablet=&#8220;|10%||10%||true&#8220; custom_padding_last_edited=&#8220;on|desktop&#8220; _i=&#8220;0&#8243; _address=&#8220;2.0.0&#8243; custom_padding__hover=&#8220;|||&#8220;][et_pb_text _builder_version=&#8220;3.29.2&#8243; text_font=&#8220;Noto Sans||||||||&#8220; text_font_size=&#8220;17px&#8220; text_line_height=&#8220;1.9em&#8220; header_text_align=&#8220;center&#8220; header_2_font=&#8220;Noto Serif|700|||||||&#8220; header_2_font_size=&#8220;44px&#8220; header_2_line_height=&#8220;1.5em&#8220; module_alignment=&#8220;right&#8220; hover_enabled=&#8220;0&#8243; header_2_font_size_phone=&#8220;34px&#8220; header_2_font_size_last_edited=&#8220;on|phone&#8220; locked=&#8220;off&#8220; _i=&#8220;0&#8243; _address=&#8220;2.0.0.0&#8243; min_height=&#8220;85px&#8220;]<\/p>\n<h2>Vita Fridtjof Nansen<\/h2>\n<p>[\/et_pb_text][et_pb_text _builder_version=&#8220;3.27.4&#8243; text_font=&#8220;Noto Sans||||||||&#8220; text_font_size=&#8220;17px&#8220; text_line_height=&#8220;2em&#8220; header_font=&#8220;||||||||&#8220; header_4_font=&#8220;|700|||||||&#8220; module_alignment=&#8220;right&#8220; inline_fonts=&#8220;Noto Serif&#8220; _i=&#8220;1&#8243; _address=&#8220;2.0.0.1&#8243;]<\/p>\n<h4><span style=\"font-size: 36px; color: #ff6b5a; font-family: 'Noto Serif';\">1919. <\/span>Fl\u00fcchtlingskommissar des V\u00f6lkerbundes<\/h4>\n<p>Nachdem Nansen nach dem 1. Weltkrieg als Fl\u00fcchtlingskommisar des V\u00f6lkerbundes die Heimkehr der russischen Kriegsgefangenen geleitet hatte, organisierter er ab<\/p>\n<p>[\/et_pb_text][et_pb_text _builder_version=&#8220;3.27.4&#8243; text_font=&#8220;Noto Sans||||||||&#8220; text_font_size=&#8220;17px&#8220; text_line_height=&#8220;2em&#8220; header_font=&#8220;||||||||&#8220; header_4_font=&#8220;|700|||||||&#8220; module_alignment=&#8220;right&#8220; custom_margin=&#8220;||29px|||&#8220; inline_fonts=&#8220;Noto Serif&#8220; _i=&#8220;2&#8243; _address=&#8220;2.0.0.2&#8243;]<\/p>\n<h4><span style=\"font-size: 36px; color: #ff6b5a; font-family: 'Noto Serif';\">1920. <\/span>Hilfsaktionen &#8230;<\/h4>\n<p>&#8230; f\u00fcr die hungernden Menschen der UdSSR, Griechenlands und Armeniens.<\/p>\n<p>[\/et_pb_text][et_pb_text _builder_version=&#8220;3.27.4&#8243; text_font=&#8220;Noto Sans||||||||&#8220; text_font_size=&#8220;17px&#8220; text_line_height=&#8220;2em&#8220; header_font=&#8220;||||||||&#8220; header_4_font=&#8220;|700|||||||&#8220; module_alignment=&#8220;right&#8220; inline_fonts=&#8220;Noto Serif&#8220; _i=&#8220;3&#8243; _address=&#8220;2.0.0.3&#8243;]<\/p>\n<h4><span style=\"font-size: 36px; color: #ff6b5a; font-family: 'Noto Serif';\">1922. <\/span>&#8222;Nansen-Pass&#8220;<\/h4>\n<p>er initiierte den &#8222;Nansen-Pass&#8220;; f\u00fcr Tausende von staatenlosen Fl\u00fcchtlingen ein lebensrettendes Reisedokument.<\/p>\n<p>[\/et_pb_text][et_pb_text _builder_version=&#8220;3.27.4&#8243; text_font=&#8220;Noto Sans||||||||&#8220; text_font_size=&#8220;17px&#8220; text_line_height=&#8220;2em&#8220; header_font=&#8220;||||||||&#8220; header_4_font=&#8220;|700|||||||&#8220; module_alignment=&#8220;right&#8220; inline_fonts=&#8220;Noto Serif&#8220; _i=&#8220;4&#8243; _address=&#8220;2.0.0.4&#8243;]<\/p>\n<h4><span style=\"font-size: 36px; color: #ff6b5a; font-family: 'Noto Serif';\">1922. <\/span>Friedensnobelpreis<\/h4>\n<p>Nansen erh\u00e4lt den Friedensnobelpreis f\u00fcr seine v\u00f6lkerbindenden Leistungen<\/p>\n<p>[\/et_pb_text][\/et_pb_column][et_pb_column type=&#8220;1_2&#8243; _builder_version=&#8220;3.25&#8243; custom_padding=&#8220;|||&#8220; _i=&#8220;1&#8243; _address=&#8220;2.0.1&#8243; custom_padding__hover=&#8220;|||&#8220;][\/et_pb_column][\/et_pb_row][\/et_pb_section]<\/p>\n","protected":false},"excerpt":{"rendered":"<p>Der Norweger war vielseitiger Schriftsteller, begeisterter Sportler, erfolgreicher Wissenschaftler und Zoologe, k\u00fchner Polarforscher, geschickter Diplomat. Vor allem aber: Leidenschaftlicher K\u00e4mpfer f\u00fcr die Humanit\u00e4t Vita Fridtjof Nansen1919. Fl\u00fcchtlingskommissar des V\u00f6lkerbundes Nachdem Nansen nach dem 1. Weltkrieg als Fl\u00fcchtlingskommisar des V\u00f6lkerbundes die Heimkehr der russischen Kriegsgefangenen geleitet hatte, organisierter er ab1920. Hilfsaktionen &#8230; &#8230; f\u00fcr die hungernden [&hellip;]<\/p>\n","protected":false},"author":1,"featured_media":0,"parent":0,"menu_order":0,"comment_status":"closed","ping_status":"closed","template":"","meta":{"_et_pb_use_builder":"on","_et_pb_old_content":"","_et_gb_content_width":"","footnotes":""},"class_list":["post-56","page","type-page","status-publish","hentry"],"_links":{"self":[{"href":"https:\/\/www.ffnh.de\/index.php\/wp-json\/wp\/v2\/pages\/56","targetHints":{"allow":["GET"]}}],"collection":[{"href":"https:\/\/www.ffnh.de\/index.php\/wp-json\/wp\/v2\/pages"}],"about":[{"href":"https:\/\/www.ffnh.de\/index.php\/wp-json\/wp\/v2\/types\/page"}],"author":[{"embeddable":true,"href":"https:\/\/www.ffnh.de\/index.php\/wp-json\/wp\/v2\/users\/1"}],"replies":[{"embeddable":true,"href":"https:\/\/www.ffnh.de\/index.php\/wp-json\/wp\/v2\/comments?post=56"}],"version-history":[{"count":4,"href":"https:\/\/www.ffnh.de\/index.php\/wp-json\/wp\/v2\/pages\/56\/revisions"}],"predecessor-version":[{"id":161,"href":"https:\/\/www.ffnh.de\/index.php\/wp-json\/wp\/v2\/pages\/56\/revisions\/161"}],"wp:attachment":[{"href":"https:\/\/www.ffnh.de\/index.php\/wp-json\/wp\/v2\/media?parent=56"}],"curies":[{"name":"wp","href":"https:\/\/api.w.org\/{rel}","templated":true}]}}