{"id":77,"date":"2019-04-18T20:40:51","date_gmt":"2019-04-18T20:40:51","guid":{"rendered":"https:\/\/www.ffnh.de\/?page_id=77"},"modified":"2020-03-06T21:27:01","modified_gmt":"2020-03-06T21:27:01","slug":"ziele","status":"publish","type":"page","link":"https:\/\/www.ffnh.de\/index.php\/verein\/ziele\/","title":{"rendered":"Ziele"},"content":{"rendered":"<p>[et_pb_section fb_built=&#8220;1&#8243; fullwidth=&#8220;on&#8220; admin_label=&#8220;Header&#8220; _builder_version=&#8220;3.22&#8243; background_color=&#8220;#b7b9c7&#8243; custom_padding=&#8220;0px|0|0px|0px|false|false&#8220; locked=&#8220;off&#8220;][et_pb_fullwidth_header title=&#8220;Ziele &#038; Aufgaben&#8220; text_orientation=&#8220;center&#8220; background_overlay_color=&#8220;rgba(83,90,128,0.3)&#8220; _builder_version=&#8220;3.29.2&#8243; title_font=&#8220;Noto Serif|700|||||||&#8220; title_text_align=&#8220;center&#8220; title_font_size=&#8220;70px&#8220; title_line_height=&#8220;1.1em&#8220; content_font=&#8220;Noto Sans||||||||&#8220; content_font_size=&#8220;18px&#8220; content_line_height=&#8220;2em&#8220; subhead_font=&#8220;Noto Sans||||||||&#8220; subhead_text_align=&#8220;center&#8220; subhead_font_size=&#8220;30px&#8220; subhead_line_height=&#8220;2em&#8220; background_color=&#8220;rgba(255,255,255,0)&#8220; background_image=&#8220;https:\/\/www.ffnh.de\/wp-content\/uploads\/2019\/09\/img-41.jpg&#8220; parallax=&#8220;on&#8220; custom_button_one=&#8220;on&#8220; button_one_text_size=&#8220;17px&#8220; button_one_text_color=&#8220;#ffffff&#8220; button_one_bg_color=&#8220;#ff6b5a&#8220; button_one_border_width=&#8220;7px&#8220; button_one_border_color=&#8220;#ff6b5a&#8220; button_one_border_radius=&#8220;100px&#8220; button_one_font=&#8220;Noto Sans|700||on|||||&#8220; button_one_use_icon=&#8220;off&#8220; min_height=&#8220;259px&#8220; custom_margin=&#8220;|||&#8220; custom_padding=&#8220;61px||61px||true|&#8220; custom_padding_tablet=&#8220;100px|||&#8220; custom_padding_phone=&#8220;&#8220; custom_padding_last_edited=&#8220;on|phone&#8220; animation_style=&#8220;fade&#8220; animation_direction=&#8220;top&#8220; title_font_size_tablet=&#8220;40px&#8220; title_font_size_phone=&#8220;&#8220; title_font_size_last_edited=&#8220;on|tablet&#8220; subhead_font_size_tablet=&#8220;&#8220; subhead_font_size_phone=&#8220;20px&#8220; subhead_font_size_last_edited=&#8220;on|desktop&#8220; subhead_line_height_tablet=&#8220;&#8220; subhead_line_height_phone=&#8220;1.5em&#8220; subhead_line_height_last_edited=&#8220;on|phone&#8220; button_one_text_color_hover=&#8220;#ffffff&#8220; button_one_border_color_hover=&#8220;#ff9e59&#8243; button_one_border_radius_hover=&#8220;100px&#8220; button_one_bg_color_hover=&#8220;#ff9e59&#8243; button_one_text_size__hover_enabled=&#8220;off&#8220; button_two_text_size__hover_enabled=&#8220;off&#8220; button_one_text_color__hover_enabled=&#8220;on&#8220; button_one_text_color__hover=&#8220;#ffffff&#8220; button_two_text_color__hover_enabled=&#8220;off&#8220; button_one_border_width__hover_enabled=&#8220;off&#8220; button_two_border_width__hover_enabled=&#8220;off&#8220; button_one_border_color__hover_enabled=&#8220;on&#8220; button_one_border_color__hover=&#8220;#ff9e59&#8243; button_two_border_color__hover_enabled=&#8220;off&#8220; button_one_border_radius__hover_enabled=&#8220;on&#8220; button_one_border_radius__hover=&#8220;100px&#8220; button_two_border_radius__hover_enabled=&#8220;off&#8220; button_one_letter_spacing__hover_enabled=&#8220;off&#8220; button_two_letter_spacing__hover_enabled=&#8220;off&#8220; button_one_bg_color__hover_enabled=&#8220;on&#8220; button_one_bg_color__hover=&#8220;#ff9e59&#8243; button_two_bg_color__hover_enabled=&#8220;off&#8220;][\/et_pb_fullwidth_header][\/et_pb_section][et_pb_section fb_built=&#8220;1&#8243; _builder_version=&#8220;3.22&#8243; custom_padding=&#8220;|||&#8220; locked=&#8220;off&#8220; collapsed=&#8220;off&#8220;][et_pb_row _builder_version=&#8220;3.29.2&#8243; custom_padding=&#8220;|||&#8220;][et_pb_column type=&#8220;4_4&#8243; _builder_version=&#8220;3.25&#8243; custom_padding=&#8220;|||&#8220; custom_padding__hover=&#8220;|||&#8220;][et_pb_cta button_url=&#8220;#TOP&#8220; _builder_version=&#8220;4.2.2&#8243; max_width=&#8220;600px&#8220; hover_enabled=&#8220;0&#8243; button_text_color_hover=&#8220;#ffffff&#8220; button_border_color_hover=&#8220;#ff9e59&#8243; button_bg_color_hover=&#8220;#ff9e59&#8243; button_one_text_size__hover_enabled=&#8220;off&#8220; button_two_text_size__hover_enabled=&#8220;off&#8220; button_text_color__hover_enabled=&#8220;on&#8220; button_text_color__hover=&#8220;#ffffff&#8220; button_one_text_color__hover_enabled=&#8220;off&#8220; button_two_text_color__hover_enabled=&#8220;off&#8220; button_one_border_width__hover_enabled=&#8220;off&#8220; button_two_border_width__hover_enabled=&#8220;off&#8220; button_border_color__hover_enabled=&#8220;on&#8220; button_border_color__hover=&#8220;#ff9e59&#8243; button_one_border_color__hover_enabled=&#8220;off&#8220; button_two_border_color__hover_enabled=&#8220;off&#8220; button_one_border_radius__hover_enabled=&#8220;off&#8220; button_two_border_radius__hover_enabled=&#8220;off&#8220; button_one_letter_spacing__hover_enabled=&#8220;off&#8220; button_two_letter_spacing__hover_enabled=&#8220;off&#8220; button_bg_color__hover_enabled=&#8220;on&#8220; button_bg_color__hover=&#8220;#ff9e59&#8243; button_one_bg_color__hover_enabled=&#8220;off&#8220; button_two_bg_color__hover_enabled=&#8220;off&#8220; button_text_size__hover_enabled=&#8220;off&#8220; button_border_width__hover_enabled=&#8220;off&#8220; button_border_radius__hover_enabled=&#8220;off&#8220; button_letter_spacing__hover_enabled=&#8220;off&#8220;]<\/p>\n<ul>\n<li><span style=\"font-family: inherit; font-size: medium;\">F\u00f6rderung des Weiterbildungszentrums (WBZ) durch Beitr\u00e4ge und Spenden<\/span><\/li>\n<\/ul>\n<ul>\n<li><span style=\"font-family: inherit; font-size: medium;\">Konzeptionelle Mitgestaltung der Aktivit\u00e4ten; Mitwirkung bei der Programmgestaltung des WBZ<\/span><\/li>\n<\/ul>\n<ul>\n<li><span style=\"font-family: inherit; font-size: medium;\">Ideelle Unterst\u00fctzung der vier WBZ-Bildungseinrichtungen<\/span>\n<ul>\n<li><span style=\"font-family: inherit; font-size: medium;\">Volkshochschule<\/span><\/li>\n<li><span style=\"font-family: inherit;\"><span style=\"font-size: medium;\">Musikschule<\/span><\/span><\/li>\n<li><span style=\"font-family: inherit;\"><span style=\"font-size: medium;\">Junge Akademie f\u00fcr Bildung<\/span><\/span><\/li>\n<li><span style=\"font-family: inherit;\"><span style=\"font-size: medium;\">Fridtjof-Nansen-Akademie<\/span><b style=\"font-size: medium;\"><\/b><\/span><\/li>\n<\/ul>\n<\/li>\n<\/ul>\n<ul>\n<li><span style=\"font-family: inherit; font-size: medium;\">Vertretung des Vereins im Aufsichtsrat des Weiterbildungszentrums Ingelheim gGmbH und im Kuratorium des Weiterbildungszentrums<\/span><\/li>\n<\/ul>\n<p>[\/et_pb_cta][\/et_pb_column][\/et_pb_row][\/et_pb_section][et_pb_section fb_built=&#8220;1&#8243; admin_label=&#8220;Travel History&#8220; _builder_version=&#8220;3.22&#8243; use_background_color_gradient=&#8220;on&#8220; background_color_gradient_start=&#8220;#ffffff&#8220; background_color_gradient_end=&#8220;rgba(255,255,255,0)&#8220; background_color_gradient_end_position=&#8220;50%&#8220; background_color_gradient_overlays_image=&#8220;on&#8220; background_image=&#8220;https:\/\/www.ffnh.de\/wp-content\/uploads\/2019\/09\/travel-blog-02.jpg&#8220; custom_padding=&#8220;50px|0px|500px|0px|false|false&#8220; collapsed=&#8220;on&#8220;][\/et_pb_section]<\/p>\n","protected":false},"excerpt":{"rendered":"<p>F\u00f6rderung des Weiterbildungszentrums (WBZ) durch Beitr\u00e4ge und Spenden Konzeptionelle Mitgestaltung der Aktivit\u00e4ten; Mitwirkung bei der Programmgestaltung des WBZ Ideelle Unterst\u00fctzung der vier WBZ-Bildungseinrichtungen Volkshochschule Musikschule Junge Akademie f\u00fcr Bildung Fridtjof-Nansen-Akademie Vertretung des Vereins im Aufsichtsrat des Weiterbildungszentrums Ingelheim gGmbH und im Kuratorium des Weiterbildungszentrums<\/p>\n","protected":false},"author":1,"featured_media":0,"parent":54,"menu_order":0,"comment_status":"closed","ping_status":"closed","template":"","meta":{"_et_pb_use_builder":"on","_et_pb_old_content":"","_et_gb_content_width":"","footnotes":""},"class_list":["post-77","page","type-page","status-publish","hentry"],"_links":{"self":[{"href":"https:\/\/www.ffnh.de\/index.php\/wp-json\/wp\/v2\/pages\/77","targetHints":{"allow":["GET"]}}],"collection":[{"href":"https:\/\/www.ffnh.de\/index.php\/wp-json\/wp\/v2\/pages"}],"about":[{"href":"https:\/\/www.ffnh.de\/index.php\/wp-json\/wp\/v2\/types\/page"}],"author":[{"embeddable":true,"href":"https:\/\/www.ffnh.de\/index.php\/wp-json\/wp\/v2\/users\/1"}],"replies":[{"embeddable":true,"href":"https:\/\/www.ffnh.de\/index.php\/wp-json\/wp\/v2\/comments?post=77"}],"version-history":[{"count":5,"href":"https:\/\/www.ffnh.de\/index.php\/wp-json\/wp\/v2\/pages\/77\/revisions"}],"predecessor-version":[{"id":423,"href":"https:\/\/www.ffnh.de\/index.php\/wp-json\/wp\/v2\/pages\/77\/revisions\/423"}],"up":[{"embeddable":true,"href":"https:\/\/www.ffnh.de\/index.php\/wp-json\/wp\/v2\/pages\/54"}],"wp:attachment":[{"href":"https:\/\/www.ffnh.de\/index.php\/wp-json\/wp\/v2\/media?parent=77"}],"curies":[{"name":"wp","href":"https:\/\/api.w.org\/{rel}","templated":true}]}}