{"id":79,"date":"2019-04-18T20:41:12","date_gmt":"2019-04-18T20:41:12","guid":{"rendered":"https:\/\/www.ffnh.de\/?page_id=79"},"modified":"2023-01-29T15:07:02","modified_gmt":"2023-01-29T15:07:02","slug":"vorstand","status":"publish","type":"page","link":"https:\/\/www.ffnh.de\/index.php\/verein\/vorstand\/","title":{"rendered":"Vorstand"},"content":{"rendered":"<p>[et_pb_section fb_built=&#8220;1&#8243; fullwidth=&#8220;on&#8220; admin_label=&#8220;Header&#8220; _builder_version=&#8220;4.16&#8243; background_color=&#8220;#b7b9c7&#8243; background_image=&#8220;https:\/\/www.ffnh.de\/wp-content\/uploads\/2020\/02\/vorstand-1.jpg&#8220; parallax=&#8220;on&#8220; custom_padding=&#8220;0px|0|0px|0px|false|false&#8220; locked=&#8220;off&#8220; global_colors_info=&#8220;{}&#8220;][et_pb_fullwidth_header text_orientation=&#8220;center&#8220; background_overlay_color=&#8220;rgba(83,90,128,0.3)&#8220; _builder_version=&#8220;4.16&#8243; title_font=&#8220;Noto Serif|700|||||||&#8220; title_text_align=&#8220;center&#8220; title_font_size=&#8220;70px&#8220; title_line_height=&#8220;1.1em&#8220; content_font=&#8220;Noto Sans||||||||&#8220; content_font_size=&#8220;18px&#8220; content_line_height=&#8220;2em&#8220; subhead_font=&#8220;Noto Sans||||||||&#8220; subhead_text_align=&#8220;center&#8220; subhead_font_size=&#8220;30px&#8220; subhead_line_height=&#8220;2em&#8220; background_color=&#8220;rgba(255,255,255,0)&#8220; background_enable_image=&#8220;off&#8220; parallax=&#8220;on&#8220; parallax_method=&#8220;on&#8220; custom_button_one=&#8220;on&#8220; button_one_text_size=&#8220;17px&#8220; button_one_text_color=&#8220;#ffffff&#8220; button_one_bg_color=&#8220;#ff6b5a&#8220; button_one_border_width=&#8220;7px&#8220; button_one_border_color=&#8220;#ff6b5a&#8220; button_one_border_radius=&#8220;100px&#8220; button_one_font=&#8220;Noto Sans|700||on|||||&#8220; button_one_use_icon=&#8220;off&#8220; min_height=&#8220;259px&#8220; custom_margin=&#8220;|||&#8220; custom_padding=&#8220;113px||113px||true|&#8220; custom_padding_tablet=&#8220;100px|||&#8220; custom_padding_phone=&#8220;&#8220; custom_padding_last_edited=&#8220;on|phone&#8220; animation_style=&#8220;fade&#8220; animation_direction=&#8220;top&#8220; title_font_size_tablet=&#8220;40px&#8220; title_font_size_phone=&#8220;&#8220; title_font_size_last_edited=&#8220;on|tablet&#8220; subhead_font_size_tablet=&#8220;&#8220; subhead_font_size_phone=&#8220;20px&#8220; subhead_font_size_last_edited=&#8220;on|desktop&#8220; subhead_line_height_tablet=&#8220;&#8220; subhead_line_height_phone=&#8220;1.5em&#8220; subhead_line_height_last_edited=&#8220;on|phone&#8220; button_one_text_color_hover=&#8220;#ffffff&#8220; button_one_border_color_hover=&#8220;#ff9e59&#8243; button_one_border_radius_hover=&#8220;100px&#8220; button_one_bg_color_hover=&#8220;#ff9e59&#8243; global_colors_info=&#8220;{}&#8220; button_one_text_size__hover_enabled=&#8220;off&#8220; button_two_text_size__hover_enabled=&#8220;off&#8220; button_one_text_color__hover_enabled=&#8220;on&#8220; button_one_text_color__hover=&#8220;#ffffff&#8220; button_two_text_color__hover_enabled=&#8220;off&#8220; button_one_border_width__hover_enabled=&#8220;off&#8220; button_two_border_width__hover_enabled=&#8220;off&#8220; button_one_border_color__hover_enabled=&#8220;on&#8220; button_one_border_color__hover=&#8220;#ff9e59&#8243; button_two_border_color__hover_enabled=&#8220;off&#8220; button_one_border_radius__hover_enabled=&#8220;on&#8220; button_one_border_radius__hover=&#8220;100px&#8220; button_two_border_radius__hover_enabled=&#8220;off&#8220; button_one_letter_spacing__hover_enabled=&#8220;off&#8220; button_two_letter_spacing__hover_enabled=&#8220;off&#8220; button_one_bg_color__hover_enabled=&#8220;on&#8220; button_one_bg_color__hover=&#8220;#ff9e59&#8243; button_two_bg_color__hover_enabled=&#8220;off&#8220;][\/et_pb_fullwidth_header][\/et_pb_section][et_pb_section fb_built=&#8220;1&#8243; _builder_version=&#8220;4.16&#8243; custom_padding=&#8220;|||&#8220; locked=&#8220;off&#8220; collapsed=&#8220;off&#8220; global_colors_info=&#8220;{}&#8220;][et_pb_row _builder_version=&#8220;4.17.4&#8243; _module_preset=&#8220;default&#8220; global_colors_info=&#8220;{}&#8220;][et_pb_column type=&#8220;4_4&#8243; _builder_version=&#8220;4.17.4&#8243; _module_preset=&#8220;default&#8220; global_colors_info=&#8220;{}&#8220;][et_pb_text _builder_version=&#8220;4.19.5&#8243; _module_preset=&#8220;default&#8220; global_colors_info=&#8220;{}&#8220;]<\/p>\n<h1>Vorstand<\/h1>\n<p>[\/et_pb_text][\/et_pb_column][\/et_pb_row][et_pb_row column_structure=&#8220;1_2,1_2&#8243; _builder_version=&#8220;4.16&#8243; custom_padding=&#8220;|||&#8220; global_colors_info=&#8220;{}&#8220;][et_pb_column type=&#8220;1_2&#8243; _builder_version=&#8220;4.16&#8243; custom_padding=&#8220;|||&#8220; global_colors_info=&#8220;{}&#8220; custom_padding__hover=&#8220;|||&#8220;][et_pb_testimonial portrait_url=&#8220;https:\/\/www.ffnh.de\/wp-content\/uploads\/2019\/10\/breyer.jpg&#8220; _builder_version=&#8220;4.19.5&#8243; child_filter_brightness=&#8220;138%&#8220; hover_enabled=&#8220;0&#8243; global_colors_info=&#8220;{}&#8220; sticky_enabled=&#8220;0&#8243;]<\/p>\n<p><strong class=\"et_pb_testimonial_author et-fb-editable-element et-fb-editable-element__editing\" contenteditable=\"true\" data-shortcode-id=\"1.0.0.0-1569341773312\" data-quickaccess-id=\"author\" data-quickaccess-order=\"1\">Eveline Breyer<\/strong><\/p>\n<p><span style=\"font-size: 14px;\">Vorsitzende<\/span><\/p>\n<p>[\/et_pb_testimonial][\/et_pb_column][et_pb_column type=&#8220;1_2&#8243; _builder_version=&#8220;4.16&#8243; custom_padding=&#8220;|||&#8220; global_colors_info=&#8220;{}&#8220; custom_padding__hover=&#8220;|||&#8220;][et_pb_testimonial portrait_url=&#8220;https:\/\/www.ffnh.de\/wp-content\/uploads\/2023\/01\/Bilderich.jpg&#8220; _builder_version=&#8220;4.19.5&#8243; child_filter_brightness=&#8220;138%&#8220; hover_enabled=&#8220;0&#8243; global_colors_info=&#8220;{}&#8220; sticky_enabled=&#8220;0&#8243;]<\/p>\n<p><strong class=\"et_pb_testimonial_author et-fb-editable-element et-fb-editable-element__editing\" contenteditable=\"true\" data-shortcode-id=\"1.0.0.0-1569341773312\" data-quickaccess-id=\"author\" data-quickaccess-order=\"1\">Erich Dahlheimer<\/strong><\/p>\n<p>Stellvertretender Vorsitzender<\/p>\n<p>[\/et_pb_testimonial][\/et_pb_column][\/et_pb_row][et_pb_row column_structure=&#8220;1_2,1_2&#8243; _builder_version=&#8220;4.16&#8243; custom_padding=&#8220;|||&#8220; global_colors_info=&#8220;{}&#8220;][et_pb_column type=&#8220;1_2&#8243; _builder_version=&#8220;4.16&#8243; custom_padding=&#8220;|||&#8220; global_colors_info=&#8220;{}&#8220; custom_padding__hover=&#8220;|||&#8220;][et_pb_testimonial portrait_url=&#8220;https:\/\/www.ffnh.de\/wp-content\/uploads\/2019\/10\/raddatz.jpg&#8220; _builder_version=&#8220;4.19.5&#8243; child_filter_brightness=&#8220;138%&#8220; hover_enabled=&#8220;0&#8243; global_colors_info=&#8220;{}&#8220; sticky_enabled=&#8220;0&#8243;]<\/p>\n<p><strong class=\"et_pb_testimonial_author et-fb-editable-element et-fb-editable-element__editing\" contenteditable=\"true\" data-shortcode-id=\"1.0.0.0-1569341773312\" data-quickaccess-id=\"author\" data-quickaccess-order=\"1\">Ingrid Raddatz<\/strong><\/p>\n<p><span style=\"font-size: 14px;\">Schriftf\u00fchrerin<\/span><\/p>\n<p>[\/et_pb_testimonial][\/et_pb_column][et_pb_column type=&#8220;1_2&#8243; _builder_version=&#8220;4.16&#8243; custom_padding=&#8220;|||&#8220; global_colors_info=&#8220;{}&#8220; custom_padding__hover=&#8220;|||&#8220;][et_pb_testimonial portrait_url=&#8220;https:\/\/www.ffnh.de\/wp-content\/uploads\/2023\/01\/20220322-Portrait-Patrizia.jpg&#8220; _builder_version=&#8220;4.19.5&#8243; hover_enabled=&#8220;0&#8243; global_colors_info=&#8220;{}&#8220; sticky_enabled=&#8220;0&#8243;]<\/p>\n<p><b>Patricia Moreale<\/b><\/p>\n<p>Schatzmeisterin<\/p>\n<p>[\/et_pb_testimonial][\/et_pb_column][\/et_pb_row][et_pb_row _builder_version=&#8220;4.16&#8243; global_colors_info=&#8220;{}&#8220;][et_pb_column type=&#8220;4_4&#8243; _builder_version=&#8220;4.16&#8243; global_colors_info=&#8220;{}&#8220;][\/et_pb_column][\/et_pb_row][et_pb_row _builder_version=&#8220;4.16&#8243; global_colors_info=&#8220;{}&#8220;][et_pb_column type=&#8220;4_4&#8243; _builder_version=&#8220;4.16&#8243; global_colors_info=&#8220;{}&#8220;][et_pb_text _builder_version=&#8220;4.19.5&#8243; header_font=&#8220;Georgia|800|||||||&#8220; header_font_size=&#8220;46px&#8220; global_colors_info=&#8220;{}&#8220;]<\/p>\n<h1>Beisitzer<\/h1>\n<p>[\/et_pb_text][\/et_pb_column][\/et_pb_row][et_pb_row column_structure=&#8220;1_2,1_2&#8243; _builder_version=&#8220;4.16&#8243; global_colors_info=&#8220;{}&#8220;][et_pb_column type=&#8220;1_2&#8243; _builder_version=&#8220;4.16&#8243; global_colors_info=&#8220;{}&#8220;][et_pb_testimonial portrait_url=&#8220;https:\/\/www.ffnh.de\/wp-content\/uploads\/2023\/01\/IMG_8803-scaled.jpg&#8220; _builder_version=&#8220;4.19.5&#8243; child_filter_brightness=&#8220;138%&#8220; global_colors_info=&#8220;{}&#8220;]<\/p>\n<p><strong class=\"et_pb_testimonial_author et-fb-editable-element et-fb-editable-element__editing\" contenteditable=\"true\" data-shortcode-id=\"1.0.0.0-1569341773312\" data-quickaccess-id=\"author\" data-quickaccess-order=\"1\">Heinz-Peter Kissel<\/strong><\/p>\n<p>Beisitzer, Gesch\u00e4ftsf\u00fchrer des Weiterbildungszentrums<\/p>\n<p>&nbsp;<\/p>\n<p>[\/et_pb_testimonial][\/et_pb_column][et_pb_column type=&#8220;1_2&#8243; _builder_version=&#8220;4.16&#8243; global_colors_info=&#8220;{}&#8220;][et_pb_testimonial portrait_url=&#8220;https:\/\/www.ffnh.de\/wp-content\/uploads\/2023\/01\/Mustafa-1.jpg&#8220; _builder_version=&#8220;4.19.5&#8243; child_filter_brightness=&#8220;138%&#8220; global_colors_info=&#8220;{}&#8220;]<\/p>\n<p><strong class=\"et_pb_testimonial_author et-fb-editable-element et-fb-editable-element__editing\" contenteditable=\"true\" data-shortcode-id=\"1.0.0.0-1569341773312\" data-quickaccess-id=\"author\" data-quickaccess-order=\"1\">Mustafa Pekdemir<\/strong><\/p>\n<p>Beisitzer<\/p>\n<p>&nbsp;<\/p>\n<p>[\/et_pb_testimonial][\/et_pb_column][\/et_pb_row][et_pb_row column_structure=&#8220;1_2,1_2&#8243; _builder_version=&#8220;4.16&#8243; global_colors_info=&#8220;{}&#8220;][et_pb_column type=&#8220;1_2&#8243; _builder_version=&#8220;4.16&#8243; global_colors_info=&#8220;{}&#8220;][et_pb_testimonial portrait_url=&#8220;https:\/\/www.ffnh.de\/wp-content\/uploads\/2019\/10\/pfeil.jpg&#8220; _builder_version=&#8220;4.19.5&#8243; child_filter_brightness=&#8220;138%&#8220; global_colors_info=&#8220;{}&#8220;]<\/p>\n<p><strong class=\"et_pb_testimonial_author et-fb-editable-element et-fb-editable-element__editing\" contenteditable=\"true\" data-shortcode-id=\"1.0.0.0-1569341773312\" data-quickaccess-id=\"author\" data-quickaccess-order=\"1\">Dr. Florian Pfeil<\/strong><\/p>\n<p>Beisitzer, Gesch\u00e4ftsf\u00fchrer des Weiterbildungszentrums<\/p>\n<p>&nbsp;<\/p>\n<p>[\/et_pb_testimonial][\/et_pb_column][et_pb_column type=&#8220;1_2&#8243; _builder_version=&#8220;4.16&#8243; global_colors_info=&#8220;{}&#8220;][et_pb_testimonial portrait_url=&#8220;https:\/\/www.ffnh.de\/wp-content\/uploads\/2019\/10\/trentini.jpg&#8220; _builder_version=&#8220;4.19.5&#8243; child_filter_brightness=&#8220;138%&#8220; global_colors_info=&#8220;{}&#8220;]<\/p>\n<p><strong class=\"et_pb_testimonial_author et-fb-editable-element et-fb-editable-element__editing\" contenteditable=\"true\" data-shortcode-id=\"1.0.0.0-1569341773312\" data-quickaccess-id=\"author\" data-quickaccess-order=\"1\">Agnes von Trentini<\/strong><\/p>\n<p>Beisitzerin<\/p>\n<p>&nbsp;<\/p>\n<p>[\/et_pb_testimonial][\/et_pb_column][\/et_pb_row][et_pb_row _builder_version=&#8220;4.16&#8243; global_colors_info=&#8220;{}&#8220;][et_pb_column type=&#8220;4_4&#8243; _builder_version=&#8220;4.16&#8243; global_colors_info=&#8220;{}&#8220;][et_pb_text _builder_version=&#8220;4.16&#8243; header_font=&#8220;Georgia|800|||||||&#8220; header_font_size=&#8220;46px&#8220; global_colors_info=&#8220;{}&#8220;]<\/p>\n<h1>Mitgliederpflege und Buchhaltung<\/h1>\n<p>[\/et_pb_text][\/et_pb_column][\/et_pb_row][et_pb_row column_structure=&#8220;1_2,1_2&#8243; _builder_version=&#8220;4.16&#8243; global_colors_info=&#8220;{}&#8220;][et_pb_column type=&#8220;1_2&#8243; _builder_version=&#8220;4.16&#8243; global_colors_info=&#8220;{}&#8220;][et_pb_testimonial portrait_url=&#8220;https:\/\/www.ffnh.de\/wp-content\/uploads\/2019\/10\/hilf-breyer.jpg&#8220; _builder_version=&#8220;4.16&#8243; child_filter_brightness=&#8220;138%&#8220; global_colors_info=&#8220;{}&#8220;]<\/p>\n<p><strong class=\"et_pb_testimonial_author et-fb-editable-element et-fb-editable-element__editing\" data-shortcode-id=\"1.0.0.0-1569341773312\" data-quickaccess-id=\"author\" data-quickaccess-order=\"1\" contenteditable=\"true\">Elke Hilf-Breyer<\/strong><\/p>\n<p><span style=\"font-size: 14px;\">Mitgliederpflege und Buchhaltung.<\/span><\/p>\n<p>Kontakt: <a href=\"mailto:info@ffnh.de\">info@ffnh.de<\/a><span style=\"font-size: 14px;\"><\/span><\/p>\n<p>&nbsp;<\/p>\n<p>[\/et_pb_testimonial][\/et_pb_column][et_pb_column type=&#8220;1_2&#8243; _builder_version=&#8220;4.16&#8243; global_colors_info=&#8220;{}&#8220;][\/et_pb_column][\/et_pb_row][et_pb_row _builder_version=&#8220;4.17.4&#8243; _module_preset=&#8220;default&#8220; global_colors_info=&#8220;{}&#8220;][et_pb_column type=&#8220;4_4&#8243; _builder_version=&#8220;4.17.4&#8243; _module_preset=&#8220;default&#8220; global_colors_info=&#8220;{}&#8220;][et_pb_text _builder_version=&#8220;4.17.4&#8243; _module_preset=&#8220;default&#8220; global_colors_info=&#8220;{}&#8220;]<\/p>\n<h1>Freunde des Fridtjof-Nansen-Hauses w\u00e4hlen neuen Vorstand und blicken in die Zukunft<\/h1>\n<p>Der F\u00f6rderverein des WBZ \u2013 Weiterbildungszentrum Ingelheim, die Freunde des Fridtjof-Nansen-Hauses e.V., hat in seiner Mitgliederversammlung 2022 den Vorstand neu gew\u00e4hlt, aber vor allem in die Zukunft geschaut. Die letzten Jahre hat der Verein genutzt, um sich zu modernisieren und in eigens einberufenen Workshops neue Ziele f\u00fcr den Verein zu entwickeln. Der Verein organisiert im Wesentlichen kulturelle Fahrten und finanziert mit den \u00dcbersch\u00fcssen zum Beispiel Musikinstrumente f\u00fcr die Musikschule im WBZ. Zuk\u00fcnftig m\u00f6chte der Verein die Angebote, die fr\u00fcher gut angenommen wurden fortsetzen, und neue f\u00fcr Gro\u00dfeltern und Eltern mit Kindern schaffen. Dar\u00fcber hinaus gibt es einen neuen Internetauftritt: www.ffnh.de . Die alte und neue Vorsitzende Eveline Breyer erkl\u00e4rte: \u201eEs ist und bleibt eine Herausforderung f\u00fcr unseren Verein. Unsere Basis, auf die wir aufbauen k\u00f6nnen, sind unsere Mitglieder, die allerdings zwischenzeitlich einen hohen Altersdurchschnitt haben. Es gilt herauszufinden, welche Angebote zuk\u00fcnftig nachgefragt werden.\u201c<\/p>\n<p>Nachdem R\u00fcckblick auf die Vereinst\u00e4tigkeiten durch die Vorsitzende Eveline Breyer und der Bericht des Schatzmeisters Christian Schumacher, informierten die beiden WBZ-Gesch\u00e4ftsf\u00fchrer Dr. Florian Pfeil und Hansi Kissel \u00fcber die Arbeit des WBZ.<\/p>\n<p>[\/et_pb_text][et_pb_image src=&#8220;https:\/\/www.ffnh.de\/wp-content\/uploads\/2022\/06\/FFNH-Vorstandswahl-2022-1024&#215;768.jpg&#8220; title_text=&#8220;FFNH Vorstandswahl 2022&#8243; align=&#8220;center&#8220; _builder_version=&#8220;4.17.4&#8243; _module_preset=&#8220;default&#8220; global_colors_info=&#8220;{}&#8220;][\/et_pb_image][\/et_pb_column][\/et_pb_row][\/et_pb_section][et_pb_section fb_built=&#8220;1&#8243; admin_label=&#8220;Travel History&#8220; _builder_version=&#8220;4.16&#8243; use_background_color_gradient=&#8220;on&#8220; background_color_gradient_stops=&#8220;#ffffff 0%|rgba(255,255,255,0) 50%&#8220; background_color_gradient_overlays_image=&#8220;on&#8220; background_color_gradient_start=&#8220;#ffffff&#8220; background_color_gradient_end=&#8220;rgba(255,255,255,0)&#8220; background_color_gradient_end_position=&#8220;50%&#8220; background_image=&#8220;https:\/\/www.ffnh.de\/wp-content\/uploads\/2019\/09\/travel-blog-02.jpg&#8220; custom_padding=&#8220;50px|0px|500px|0px|false|false&#8220; collapsed=&#8220;on&#8220; global_colors_info=&#8220;{}&#8220;][\/et_pb_section]<\/p>\n","protected":false},"excerpt":{"rendered":"<p>VorstandEveline Breyer VorsitzendeErich Dahlheimer Stellvertretender VorsitzenderIngrid Raddatz Schriftf\u00fchrerinPatricia Moreale SchatzmeisterinBeisitzerHeinz-Peter Kissel Beisitzer, Gesch\u00e4ftsf\u00fchrer des Weiterbildungszentrums &nbsp;Mustafa Pekdemir Beisitzer &nbsp;Dr. Florian Pfeil Beisitzer, Gesch\u00e4ftsf\u00fchrer des Weiterbildungszentrums &nbsp;Agnes von Trentini Beisitzerin &nbsp;Mitgliederpflege und BuchhaltungElke Hilf-Breyer Mitgliederpflege und Buchhaltung. Kontakt: info@ffnh.de &nbsp;Freunde des Fridtjof-Nansen-Hauses w\u00e4hlen neuen Vorstand und blicken in die Zukunft Der F\u00f6rderverein des WBZ \u2013 Weiterbildungszentrum [&hellip;]<\/p>\n","protected":false},"author":1,"featured_media":0,"parent":54,"menu_order":0,"comment_status":"closed","ping_status":"closed","template":"","meta":{"_et_pb_use_builder":"on","_et_pb_old_content":"","_et_gb_content_width":"","footnotes":""},"class_list":["post-79","page","type-page","status-publish","hentry"],"_links":{"self":[{"href":"https:\/\/www.ffnh.de\/index.php\/wp-json\/wp\/v2\/pages\/79","targetHints":{"allow":["GET"]}}],"collection":[{"href":"https:\/\/www.ffnh.de\/index.php\/wp-json\/wp\/v2\/pages"}],"about":[{"href":"https:\/\/www.ffnh.de\/index.php\/wp-json\/wp\/v2\/types\/page"}],"author":[{"embeddable":true,"href":"https:\/\/www.ffnh.de\/index.php\/wp-json\/wp\/v2\/users\/1"}],"replies":[{"embeddable":true,"href":"https:\/\/www.ffnh.de\/index.php\/wp-json\/wp\/v2\/comments?post=79"}],"version-history":[{"count":24,"href":"https:\/\/www.ffnh.de\/index.php\/wp-json\/wp\/v2\/pages\/79\/revisions"}],"predecessor-version":[{"id":575,"href":"https:\/\/www.ffnh.de\/index.php\/wp-json\/wp\/v2\/pages\/79\/revisions\/575"}],"up":[{"embeddable":true,"href":"https:\/\/www.ffnh.de\/index.php\/wp-json\/wp\/v2\/pages\/54"}],"wp:attachment":[{"href":"https:\/\/www.ffnh.de\/index.php\/wp-json\/wp\/v2\/media?parent=79"}],"curies":[{"name":"wp","href":"https:\/\/api.w.org\/{rel}","templated":true}]}}